{"id":4283,"date":"2026-02-10T15:42:03","date_gmt":"2026-02-10T14:42:03","guid":{"rendered":"https:\/\/obozy.tgls.pl\/rezerwacja\/?post_type=product&#038;p=4283"},"modified":"2026-02-12T15:07:02","modified_gmt":"2026-02-12T14:07:02","slug":"kolonia-bialy-dunajec-2026","status":"publish","type":"product","link":"https:\/\/obozy.tgls.pl\/rezerwacja\/produkt\/kolonia-bialy-dunajec-2026\/","title":{"rendered":"Kolonia Bia\u0142y Dunajec 2026"},"content":{"rendered":"\r\n<h2 class=\"wp-block-heading\">Miejsce: Bia\u0142y Dunajec<\/h2>\r\n\r\n\r\n\r\n<p><strong>Kolonia j\u0119zykowo-przygodowa w g\u00f3rach dla dzieci<\/strong> ze szko\u0142y podstawowej u podn\u00f3\u017ca Tatr to propozycja po\u0142\u0105czenia aktywnej rekreacji w malowniczym terenie <strong>z zabaw\u0105 j\u0119zykiem angielskim<\/strong>.<\/p>\r\n\r\n\r\n\r\n<p>Zapraszamy zar\u00f3wno dzieci, kt\u00f3re lubi\u0105 j\u0119zyk angielski, jak i te, kt\u00f3rym kojarzy si\u0119 on jako niezbyt przyjemny obowi\u0105zek szkolny. Kolonia w g\u00f3rach to \u015bwietny pomys\u0142 na mi\u0142e sp\u0119dzenie czasu. W ci\u0105gu <strong>6 dni<\/strong> sp\u0119dzonych na najr\u00f3\u017cniejszych grach i projektach j\u0119zykowych dzieci przekonaj\u0105 si\u0119, \u017ce czas sp\u0119dzony z j\u0119zykiem obcym mo\u017ce by\u0107 naprawd\u0119 <strong>dobr\u0105 zabaw\u0105<\/strong>.<\/p>\r\n\r\n\r\n\r\n<p>Ponadto, jak przysta\u0142o na wakacje,\u00a0 b\u0119dziemy odpoczywa\u0107, uprawia\u0107 sporty, spacerowa\u0107 po pi\u0119knej okolicy, chlapa\u0107 si\u0119 <strong>w basenach termalnych<\/strong>, relaksowa\u0107 przy ognisku i nie tylko.<\/p>\r\n\r\n\r\n\r\n<h2 class=\"wp-block-heading\">Wiek uczestnik\u00f3w: 8 -13 lat<\/h2>\r\n\r\n\r\n\r\n<h2 class=\"wp-block-heading\">Miejsce<\/h2>\r\n\r\n\r\n\r\n<p>Bia\u0142y Dunajec to wypoczynkowa miejscowo\u015b\u0107 <strong>o unikalnych walorach widokowych<\/strong>, kt\u00f3re zawdzi\u0119cza po\u0142o\u017ceniu w bezpo\u015brednim s\u0105siedztwie Tatrza\u0144skiego Parku Krajobrazowego. Dzi\u0119ki swej lokalizacji, Bia\u0142y Dunajec jest idealn\u0105 baz\u0105 do pieszych wycieczek o r\u00f3\u017cnym poziomie trudno\u015bci oraz <strong>wyjazd\u00f3w do Zakopanego<\/strong>. B\u0119dziemy mieszka\u0107 w <strong>4-6 osobowych pokojach z \u0142azienkami <\/strong>w O\u015brodku Wypoczynkowym \u201eBorowy\u201d. O\u015brodek jest po\u0142o\u017cony na rozleg\u0142ym, <strong>ogrodzonym terenie <\/strong>i dysponuje sza\u0142asem g\u00f3rskim oraz zapleczem do zaj\u0119\u0107 sportowych: boiskiem, placem zabaw, <strong>sal\u0105 dyskotekow\u0105<\/strong>, bilardem, cymbergajem i sto\u0142ami do pi\u0142karzyk\u00f3w.<\/p>\r\n\r\n\r\n\r\n<h2 id=\"block-64e80c3b-8159-419c-a78d-b83f5be58861\" class=\"wp-block-heading\"><strong>Wy\u017cywienie<\/strong><\/h2>\r\n\r\n\r\n\r\n<p id=\"block-c0eea9fa-d7ba-4ccc-a29d-762b920d3c0f\">3 posi\u0142ki dziennie: \u015bniadanie, obiad i kolacja. Wszystkie posi\u0142ki w formie bufetu. \u015aniadanie i kolacja w formie bufetu, obiad serwowany z dok\u0142adkami dla ch\u0119tnych. Pobyt na kolonii w g\u00f3rach zaczynamy obiadokolacj\u0105 a ko\u0144czymy \u015bniadaniem. Dodatkowo w dniu wyjazdu zapewniamy prowiant na drog\u0119 powrotn\u0105. W trakcie trwania wypoczynku zapewniamy uczestnikom dost\u0119p do wody mineralnej.<\/p>\r\n\r\n\r\n\r\n<h2 class=\"wp-block-heading\"><strong>Program j\u0119zykowy<\/strong><\/h2>\r\n\r\n\r\n\r\n<ul class=\"wp-block-list\">\r\n<li>Zaj\u0119cia prowadzimy <strong>w grupach dopasowanych do ich wieku.<\/strong> Dzi\u0119ki temu czuj\u0105 si\u0119 swobodniej i dzi\u0119ki temu ch\u0119tniej bior\u0105 w nich aktywny udzia\u0142.<\/li>\r\n\r\n\r\n\r\n<li>Codziennie przez <strong>minimum 2 godziny lekcyjne<\/strong> bawimy si\u0119 j\u0119zykiem angielskim graj\u0105c w gry komunikacyjne, przygotowuj\u0105c projekty j\u0119zykowo-plastyczne czy poprzez zaj\u0119cia j\u0119zykowo-ruchowe. Taka formu\u0142a zaj\u0119\u0107 sprawia, \u017ce j\u0119zyk obcy kojarzy si\u0119 dzieciom z zabaw\u0105, a struktury gramatyczne czy zwroty j\u0119zykowe <strong>zapami\u0119tuj\u0105 si\u0119 lepiej<\/strong> gdy zaanga\u017cowane s\u0105 r\u00f3\u017cne zmys\u0142y.<\/li>\r\n\r\n\r\n\r\n<li>Zaj\u0119cia prowadzone s\u0105 przez <strong>wykwalifikowanych specjalist\u00f3w z do\u015bwiadczeniem<\/strong> w nauczaniu tej grupy wiekowej. Nasi lektorzy potrafi\u0105 nawi\u0105za\u0107 z dzie\u0107mi dobry kontakt i zapewni\u0107 swobodn\u0105 atmosfer\u0119 zaj\u0119\u0107 sprzyjaj\u0105c\u0105 kreatywno\u015bci.<\/li>\r\n\r\n\r\n\r\n<li>Dzi\u0119ki zr\u00f3\u017cnicowanym tematycznie konkursom i <strong>projektom j\u0119zykowym\u00a0<\/strong>dzieci ucz\u0105 si\u0119 angielskiego &#8222;przy okazji&#8221;. Codziennie poszerzamy zas\u00f3b zwrot\u00f3w j\u0119zykowych i s\u0142ownictwa oraz o\u015bmielamy dzieci do komunikacji w j\u0119zyku angielskim. J\u0119zyk angielski pojawia si\u0119 <strong>w r\u00f3\u017cnych punktach programu<\/strong> ca\u0142ego dnia. Zar\u00f3wno podczas spacer\u00f3w po okolicy, zaj\u0119\u0107 sportowych jak i zaj\u0119\u0107 wieczornych, takich jak klub filmowy czy festiwal piosenki.<\/li>\r\n\r\n\r\n\r\n<li>Co wi\u0119cej, na zako\u0144czenie zaj\u0119\u0107 j\u0119zykowych wszyscy koloni\u015bci otrzymuj\u0105 <strong>Dyplom uk<\/strong><strong>o\u0144czen<\/strong><strong>ia programu<\/strong> j\u0119zykowego.<\/li>\r\n<\/ul>\r\n\r\n\r\n\r\n<h2 class=\"wp-block-heading\">Program rekreacyjny<\/h2>\r\n\r\n\r\n\r\n<ul class=\"wp-block-list\">\r\n<li>Autokarowa wycieczka do Zakopanego<\/li>\r\n\r\n\r\n\r\n<li>Wyjazd kolejk\u0105 linowo-terenow\u0105 na Guba\u0142\u00f3wk\u0119<\/li>\r\n\r\n\r\n\r\n<li>Kr\u00f3tkie piesze wycieczki po okolicy<\/li>\r\n\r\n\r\n\r\n<li>Pobyt w basenach termalnych<\/li>\r\n\r\n\r\n\r\n<li>Gry i zabawy sportowe<\/li>\r\n\r\n\r\n\r\n<li>Konkursy, festiwale, ognisko, dyskoteka i inne atrakcje<\/li>\r\n<\/ul>\r\n\r\n\r\n\r\n<h2 class=\"wp-block-heading\">Termin turnusu: 5 lipca &#8211; 11 lipca 2026<\/h2>\r\n\r\n\r\n\r\n<h4 class=\"wp-block-heading\">Harmonogram<\/h4>\r\n\r\n\r\n\r\n<ul class=\"wp-block-list\">\r\n<li>1. dzie\u0144 \u2013 wyjazd wed\u0142ug rozk\u0142adu, przyjazd do o\u015brodka w godzinach popo\u0142udniowych, zakwaterowanie, obiadokolacja<\/li>\r\n\r\n\r\n\r\n<li>2-6. dzie\u0144 \u2013 wypoczynek wed\u0142ug programu<\/li>\r\n\r\n\r\n\r\n<li>7. dzie\u0144 \u2013 \u015bniadanie plus suchy prowiant, wyjazd z o\u015brodka, przejazd do domu wed\u0142ug rozk\u0142adu jazdy<\/li>\r\n<\/ul>\r\n\r\n\r\n\r\n<h2 class=\"wp-block-heading\">W cenie 2148z\u0142 zapewniamy dzieciom:<\/h2>\r\n\r\n\r\n\r\n<ul class=\"wp-block-list\">\r\n<li><strong>6 <\/strong>nocleg\u00f3w \u2013 w O\u015brodku Wypoczynkowym <a href=\"https:\/\/www.uborowego.pl\/\">\u201eBorowy\u201d<\/a> w Bia\u0142ym Dunajcu<\/li>\r\n\r\n\r\n\r\n<li>urozmaicony <strong>program j\u0119zykowy i rekreacyjny<\/strong> pod opiek\u0105 wykwalifikowanej oraz do\u015bwiadczonej kadry wychowawc\u00f3w i kierownika<\/li>\r\n\r\n\r\n\r\n<li>pe\u0142ne wy\u017cywienie \u2013 <strong>3 posi\u0142ki z dok\u0142adk\u0105<\/strong> dla ch\u0119tnych (\u015bniadanie, obiad, kolacja)<\/li>\r\n\r\n\r\n\r\n<li>transport z Nowego S\u0105cza, Tarnowa \u2013 <strong>bez dodatkowej op\u0142aty<\/strong> transportowej<\/li>\r\n\r\n\r\n\r\n<li>ubezpieczenie NNW<\/li>\r\n\r\n\r\n\r\n<li><strong>wycieczka do Zakopanego<\/strong><\/li>\r\n\r\n\r\n\r\n<li>pobyt na basenach termalnych &#8222;Gor\u0105cy Potok&#8221;<\/li>\r\n<\/ul>\r\n\r\n\r\n\r\n<p>Podana cena zawiera wszystkie koszty zwi\u0105zane z realizacj\u0105 us\u0142ugi kolonia w g\u00f3rach. Cena nie zawiera wydatk\u00f3w w\u0142asnych uczestnika.<\/p>\r\n\r\n\r\n\r\n<p>&lt;strong&gt;P\u0142atno\u015bci:<\/p>\r\n\r\n\r\n\r\n<p>P\u0142atno\u015b\u0107 jest podzielona na dwie cz\u0119\u015bci: \u2022 pierwsza wp\u0142ata <strong>w wysoko\u015bci 35% warto\u015bci obozu<\/strong> do 3 dni od daty otrzymania maila z umow\u0105 \u2022 pozosta\u0142a kwota do 30 dni przed terminem wyjazdu<\/p>\r\n","protected":false},"excerpt":{"rendered":"<p>Miejsce: Bia\u0142y Dunajec Kolonia j\u0119zykowo-przygodowa w g\u00f3rach dla dzieci ze szko\u0142y podstawowej u podn\u00f3\u017ca Tatr to propozycja po\u0142\u0105czenia aktywnej rekreacji w malowniczym terenie z zabaw\u0105 j\u0119zykiem angielskim. Zapraszamy zar\u00f3wno dzieci, [&hellip;]<\/p>\n","protected":false},"featured_media":4307,"template":"","meta":{"_uag_custom_page_level_css":""},"product_brand":[],"product_cat":[16],"product_tag":[],"class_list":{"0":"post-4283","1":"product","2":"type-product","3":"status-publish","4":"has-post-thumbnail","6":"product_cat-obozy-jezykowe","8":"first","9":"instock","10":"taxable","11":"shipping-taxable","12":"purchasable","13":"product-type-simple"},"yoast_head":"<!-- This site is optimized with the Yoast SEO plugin v27.4 - https:\/\/yoast.com\/product\/yoast-seo-wordpress\/ -->\n<title>Kolonia Bia\u0142y Dunajec 2026 - Obozy i kolonie j\u0119zykowe TGLS<\/title>\n<meta name=\"robots\" content=\"index, follow, max-snippet:-1, max-image-preview:large, max-video-preview:-1\" \/>\n<link rel=\"canonical\" href=\"https:\/\/obozy.tgls.pl\/rezerwacja\/produkt\/kolonia-bialy-dunajec-2026\/\" \/>\n<meta property=\"og:locale\" content=\"pl_PL\" \/>\n<meta property=\"og:type\" content=\"article\" \/>\n<meta property=\"og:title\" content=\"Kolonia Bia\u0142y Dunajec 2026 - Obozy i kolonie j\u0119zykowe TGLS\" \/>\n<meta property=\"og:description\" content=\"Miejsce: Bia\u0142y Dunajec Kolonia j\u0119zykowo-przygodowa w g\u00f3rach dla dzieci ze szko\u0142y podstawowej u podn\u00f3\u017ca Tatr to propozycja po\u0142\u0105czenia aktywnej rekreacji w malowniczym terenie z zabaw\u0105 j\u0119zykiem angielskim. Zapraszamy zar\u00f3wno dzieci, [&hellip;]\" \/>\n<meta property=\"og:url\" content=\"https:\/\/obozy.tgls.pl\/rezerwacja\/produkt\/kolonia-bialy-dunajec-2026\/\" \/>\n<meta property=\"og:site_name\" content=\"Obozy i kolonie j\u0119zykowe TGLS\" \/>\n<meta property=\"article:publisher\" content=\"https:\/\/www.facebook.com\/KolonieTGLS\/\" \/>\n<meta property=\"article:modified_time\" content=\"2026-02-12T14:07:02+00:00\" \/>\n<meta property=\"og:image\" content=\"https:\/\/obozy.tgls.pl\/rezerwacja\/wp-content\/uploads\/2026\/02\/wycieczka-Zakopane-2026-1.webp\" \/>\n\t<meta property=\"og:image:width\" content=\"960\" \/>\n\t<meta property=\"og:image:height\" content=\"720\" \/>\n\t<meta property=\"og:image:type\" content=\"image\/webp\" \/>\n<meta name=\"twitter:card\" content=\"summary_large_image\" \/>\n<meta name=\"twitter:label1\" content=\"Szacowany czas czytania\" \/>\n\t<meta name=\"twitter:data1\" content=\"4 minuty\" \/>\n<script type=\"application\/ld+json\" class=\"yoast-schema-graph\">{\"@context\":\"https:\\\/\\\/schema.org\",\"@graph\":[{\"@type\":\"WebPage\",\"@id\":\"https:\\\/\\\/obozy.tgls.pl\\\/rezerwacja\\\/produkt\\\/kolonia-bialy-dunajec-2026\\\/\",\"url\":\"https:\\\/\\\/obozy.tgls.pl\\\/rezerwacja\\\/produkt\\\/kolonia-bialy-dunajec-2026\\\/\",\"name\":\"Kolonia Bia\u0142y Dunajec 2026 - Obozy i kolonie j\u0119zykowe TGLS\",\"isPartOf\":{\"@id\":\"https:\\\/\\\/obozy.tgls.pl\\\/rezerwacja\\\/#website\"},\"primaryImageOfPage\":{\"@id\":\"https:\\\/\\\/obozy.tgls.pl\\\/rezerwacja\\\/produkt\\\/kolonia-bialy-dunajec-2026\\\/#primaryimage\"},\"image\":{\"@id\":\"https:\\\/\\\/obozy.tgls.pl\\\/rezerwacja\\\/produkt\\\/kolonia-bialy-dunajec-2026\\\/#primaryimage\"},\"thumbnailUrl\":\"https:\\\/\\\/obozy.tgls.pl\\\/rezerwacja\\\/wp-content\\\/uploads\\\/2026\\\/02\\\/wycieczka-Zakopane-2026-1.webp\",\"datePublished\":\"2026-02-10T14:42:03+00:00\",\"dateModified\":\"2026-02-12T14:07:02+00:00\",\"breadcrumb\":{\"@id\":\"https:\\\/\\\/obozy.tgls.pl\\\/rezerwacja\\\/produkt\\\/kolonia-bialy-dunajec-2026\\\/#breadcrumb\"},\"inLanguage\":\"pl-PL\",\"potentialAction\":[{\"@type\":\"ReadAction\",\"target\":[\"https:\\\/\\\/obozy.tgls.pl\\\/rezerwacja\\\/produkt\\\/kolonia-bialy-dunajec-2026\\\/\"]}]},{\"@type\":\"ImageObject\",\"inLanguage\":\"pl-PL\",\"@id\":\"https:\\\/\\\/obozy.tgls.pl\\\/rezerwacja\\\/produkt\\\/kolonia-bialy-dunajec-2026\\\/#primaryimage\",\"url\":\"https:\\\/\\\/obozy.tgls.pl\\\/rezerwacja\\\/wp-content\\\/uploads\\\/2026\\\/02\\\/wycieczka-Zakopane-2026-1.webp\",\"contentUrl\":\"https:\\\/\\\/obozy.tgls.pl\\\/rezerwacja\\\/wp-content\\\/uploads\\\/2026\\\/02\\\/wycieczka-Zakopane-2026-1.webp\",\"width\":960,\"height\":720},{\"@type\":\"BreadcrumbList\",\"@id\":\"https:\\\/\\\/obozy.tgls.pl\\\/rezerwacja\\\/produkt\\\/kolonia-bialy-dunajec-2026\\\/#breadcrumb\",\"itemListElement\":[{\"@type\":\"ListItem\",\"position\":1,\"name\":\"Strona g\u0142\u00f3wna\",\"item\":\"https:\\\/\\\/obozy.tgls.pl\\\/rezerwacja\\\/\"},{\"@type\":\"ListItem\",\"position\":2,\"name\":\"Oferta\",\"item\":\"https:\\\/\\\/obozy.tgls.pl\\\/rezerwacja\\\/\"},{\"@type\":\"ListItem\",\"position\":3,\"name\":\"Kolonia Bia\u0142y Dunajec 2026\"}]},{\"@type\":\"WebSite\",\"@id\":\"https:\\\/\\\/obozy.tgls.pl\\\/rezerwacja\\\/#website\",\"url\":\"https:\\\/\\\/obozy.tgls.pl\\\/rezerwacja\\\/\",\"name\":\"Obozy i kolonie j\u0119zykowe TGLS\",\"description\":\"\",\"publisher\":{\"@id\":\"https:\\\/\\\/obozy.tgls.pl\\\/rezerwacja\\\/#organization\"},\"potentialAction\":[{\"@type\":\"SearchAction\",\"target\":{\"@type\":\"EntryPoint\",\"urlTemplate\":\"https:\\\/\\\/obozy.tgls.pl\\\/rezerwacja\\\/?s={search_term_string}\"},\"query-input\":{\"@type\":\"PropertyValueSpecification\",\"valueRequired\":true,\"valueName\":\"search_term_string\"}}],\"inLanguage\":\"pl-PL\"},{\"@type\":\"Organization\",\"@id\":\"https:\\\/\\\/obozy.tgls.pl\\\/rezerwacja\\\/#organization\",\"name\":\"Obozy i kolonie j\u0119zykowe TGLS\",\"url\":\"https:\\\/\\\/obozy.tgls.pl\\\/rezerwacja\\\/\",\"logo\":{\"@type\":\"ImageObject\",\"inLanguage\":\"pl-PL\",\"@id\":\"https:\\\/\\\/obozy.tgls.pl\\\/rezerwacja\\\/#\\\/schema\\\/logo\\\/image\\\/\",\"url\":\"https:\\\/\\\/rezerwacje.tgls.pl\\\/wp-content\\\/uploads\\\/2025\\\/02\\\/cropped-logo-obozy-tgls-pl.webp\",\"contentUrl\":\"https:\\\/\\\/rezerwacje.tgls.pl\\\/wp-content\\\/uploads\\\/2025\\\/02\\\/cropped-logo-obozy-tgls-pl.webp\",\"width\":512,\"height\":512,\"caption\":\"Obozy i kolonie j\u0119zykowe TGLS\"},\"image\":{\"@id\":\"https:\\\/\\\/obozy.tgls.pl\\\/rezerwacja\\\/#\\\/schema\\\/logo\\\/image\\\/\"},\"sameAs\":[\"https:\\\/\\\/www.facebook.com\\\/KolonieTGLS\\\/\",\"https:\\\/\\\/www.instagram.com\\\/obozyjezykowetgls\\\/\"]}]}<\/script>\n<!-- \/ Yoast SEO plugin. -->","yoast_head_json":{"title":"Kolonia Bia\u0142y Dunajec 2026 - Obozy i kolonie j\u0119zykowe TGLS","robots":{"index":"index","follow":"follow","max-snippet":"max-snippet:-1","max-image-preview":"max-image-preview:large","max-video-preview":"max-video-preview:-1"},"canonical":"https:\/\/obozy.tgls.pl\/rezerwacja\/produkt\/kolonia-bialy-dunajec-2026\/","og_locale":"pl_PL","og_type":"article","og_title":"Kolonia Bia\u0142y Dunajec 2026 - Obozy i kolonie j\u0119zykowe TGLS","og_description":"Miejsce: Bia\u0142y Dunajec Kolonia j\u0119zykowo-przygodowa w g\u00f3rach dla dzieci ze szko\u0142y podstawowej u podn\u00f3\u017ca Tatr to propozycja po\u0142\u0105czenia aktywnej rekreacji w malowniczym terenie z zabaw\u0105 j\u0119zykiem angielskim. Zapraszamy zar\u00f3wno dzieci, [&hellip;]","og_url":"https:\/\/obozy.tgls.pl\/rezerwacja\/produkt\/kolonia-bialy-dunajec-2026\/","og_site_name":"Obozy i kolonie j\u0119zykowe TGLS","article_publisher":"https:\/\/www.facebook.com\/KolonieTGLS\/","article_modified_time":"2026-02-12T14:07:02+00:00","og_image":[{"width":960,"height":720,"url":"https:\/\/obozy.tgls.pl\/rezerwacja\/wp-content\/uploads\/2026\/02\/wycieczka-Zakopane-2026-1.webp","type":"image\/webp"}],"twitter_card":"summary_large_image","twitter_misc":{"Szacowany czas czytania":"4 minuty"},"schema":{"@context":"https:\/\/schema.org","@graph":[{"@type":"WebPage","@id":"https:\/\/obozy.tgls.pl\/rezerwacja\/produkt\/kolonia-bialy-dunajec-2026\/","url":"https:\/\/obozy.tgls.pl\/rezerwacja\/produkt\/kolonia-bialy-dunajec-2026\/","name":"Kolonia Bia\u0142y Dunajec 2026 - Obozy i kolonie j\u0119zykowe TGLS","isPartOf":{"@id":"https:\/\/obozy.tgls.pl\/rezerwacja\/#website"},"primaryImageOfPage":{"@id":"https:\/\/obozy.tgls.pl\/rezerwacja\/produkt\/kolonia-bialy-dunajec-2026\/#primaryimage"},"image":{"@id":"https:\/\/obozy.tgls.pl\/rezerwacja\/produkt\/kolonia-bialy-dunajec-2026\/#primaryimage"},"thumbnailUrl":"https:\/\/obozy.tgls.pl\/rezerwacja\/wp-content\/uploads\/2026\/02\/wycieczka-Zakopane-2026-1.webp","datePublished":"2026-02-10T14:42:03+00:00","dateModified":"2026-02-12T14:07:02+00:00","breadcrumb":{"@id":"https:\/\/obozy.tgls.pl\/rezerwacja\/produkt\/kolonia-bialy-dunajec-2026\/#breadcrumb"},"inLanguage":"pl-PL","potentialAction":[{"@type":"ReadAction","target":["https:\/\/obozy.tgls.pl\/rezerwacja\/produkt\/kolonia-bialy-dunajec-2026\/"]}]},{"@type":"ImageObject","inLanguage":"pl-PL","@id":"https:\/\/obozy.tgls.pl\/rezerwacja\/produkt\/kolonia-bialy-dunajec-2026\/#primaryimage","url":"https:\/\/obozy.tgls.pl\/rezerwacja\/wp-content\/uploads\/2026\/02\/wycieczka-Zakopane-2026-1.webp","contentUrl":"https:\/\/obozy.tgls.pl\/rezerwacja\/wp-content\/uploads\/2026\/02\/wycieczka-Zakopane-2026-1.webp","width":960,"height":720},{"@type":"BreadcrumbList","@id":"https:\/\/obozy.tgls.pl\/rezerwacja\/produkt\/kolonia-bialy-dunajec-2026\/#breadcrumb","itemListElement":[{"@type":"ListItem","position":1,"name":"Strona g\u0142\u00f3wna","item":"https:\/\/obozy.tgls.pl\/rezerwacja\/"},{"@type":"ListItem","position":2,"name":"Oferta","item":"https:\/\/obozy.tgls.pl\/rezerwacja\/"},{"@type":"ListItem","position":3,"name":"Kolonia Bia\u0142y Dunajec 2026"}]},{"@type":"WebSite","@id":"https:\/\/obozy.tgls.pl\/rezerwacja\/#website","url":"https:\/\/obozy.tgls.pl\/rezerwacja\/","name":"Obozy i kolonie j\u0119zykowe TGLS","description":"","publisher":{"@id":"https:\/\/obozy.tgls.pl\/rezerwacja\/#organization"},"potentialAction":[{"@type":"SearchAction","target":{"@type":"EntryPoint","urlTemplate":"https:\/\/obozy.tgls.pl\/rezerwacja\/?s={search_term_string}"},"query-input":{"@type":"PropertyValueSpecification","valueRequired":true,"valueName":"search_term_string"}}],"inLanguage":"pl-PL"},{"@type":"Organization","@id":"https:\/\/obozy.tgls.pl\/rezerwacja\/#organization","name":"Obozy i kolonie j\u0119zykowe TGLS","url":"https:\/\/obozy.tgls.pl\/rezerwacja\/","logo":{"@type":"ImageObject","inLanguage":"pl-PL","@id":"https:\/\/obozy.tgls.pl\/rezerwacja\/#\/schema\/logo\/image\/","url":"https:\/\/rezerwacje.tgls.pl\/wp-content\/uploads\/2025\/02\/cropped-logo-obozy-tgls-pl.webp","contentUrl":"https:\/\/rezerwacje.tgls.pl\/wp-content\/uploads\/2025\/02\/cropped-logo-obozy-tgls-pl.webp","width":512,"height":512,"caption":"Obozy i kolonie j\u0119zykowe TGLS"},"image":{"@id":"https:\/\/obozy.tgls.pl\/rezerwacja\/#\/schema\/logo\/image\/"},"sameAs":["https:\/\/www.facebook.com\/KolonieTGLS\/","https:\/\/www.instagram.com\/obozyjezykowetgls\/"]}]}},"uagb_featured_image_src":{"full":["https:\/\/obozy.tgls.pl\/rezerwacja\/wp-content\/uploads\/2026\/02\/wycieczka-Zakopane-2026-1.webp",960,720,false],"thumbnail":["https:\/\/obozy.tgls.pl\/rezerwacja\/wp-content\/uploads\/2026\/02\/wycieczka-Zakopane-2026-1-150x150.webp",150,150,true],"medium":["https:\/\/obozy.tgls.pl\/rezerwacja\/wp-content\/uploads\/2026\/02\/wycieczka-Zakopane-2026-1-300x225.webp",300,225,true],"medium_large":["https:\/\/obozy.tgls.pl\/rezerwacja\/wp-content\/uploads\/2026\/02\/wycieczka-Zakopane-2026-1-768x576.webp",768,576,true],"large":["https:\/\/obozy.tgls.pl\/rezerwacja\/wp-content\/uploads\/2026\/02\/wycieczka-Zakopane-2026-1.webp",960,720,false],"1536x1536":["https:\/\/obozy.tgls.pl\/rezerwacja\/wp-content\/uploads\/2026\/02\/wycieczka-Zakopane-2026-1.webp",960,720,false],"2048x2048":["https:\/\/obozy.tgls.pl\/rezerwacja\/wp-content\/uploads\/2026\/02\/wycieczka-Zakopane-2026-1.webp",960,720,false],"botiga-extra-large":["https:\/\/obozy.tgls.pl\/rezerwacja\/wp-content\/uploads\/2026\/02\/wycieczka-Zakopane-2026-1.webp",960,720,false],"botiga-large":["https:\/\/obozy.tgls.pl\/rezerwacja\/wp-content\/uploads\/2026\/02\/wycieczka-Zakopane-2026-1-920x690.webp",920,690,true],"botiga-big":["https:\/\/obozy.tgls.pl\/rezerwacja\/wp-content\/uploads\/2026\/02\/wycieczka-Zakopane-2026-1-575x431.webp",575,431,true],"botiga-medium":["https:\/\/obozy.tgls.pl\/rezerwacja\/wp-content\/uploads\/2026\/02\/wycieczka-Zakopane-2026-1-380x285.webp",380,285,true],"woocommerce_thumbnail":["https:\/\/obozy.tgls.pl\/rezerwacja\/wp-content\/uploads\/2026\/02\/wycieczka-Zakopane-2026-1-420x420.webp",420,420,true],"woocommerce_single":["https:\/\/obozy.tgls.pl\/rezerwacja\/wp-content\/uploads\/2026\/02\/wycieczka-Zakopane-2026-1-800x600.webp",800,600,true],"woocommerce_gallery_thumbnail":["https:\/\/obozy.tgls.pl\/rezerwacja\/wp-content\/uploads\/2026\/02\/wycieczka-Zakopane-2026-1-100x100.webp",100,100,true]},"uagb_author_info":{"display_name":"Kamila Hejmej","author_link":"https:\/\/obozy.tgls.pl\/rezerwacja\/author\/"},"uagb_comment_info":0,"uagb_excerpt":"Miejsce: Bia\u0142y Dunajec Kolonia j\u0119zykowo-przygodowa w g\u00f3rach dla dzieci ze szko\u0142y podstawowej u podn\u00f3\u017ca Tatr to propozycja po\u0142\u0105czenia aktywnej rekreacji w malowniczym terenie z zabaw\u0105 j\u0119zykiem angielskim. Zapraszamy zar\u00f3wno dzieci, [&hellip;]","_links":{"self":[{"href":"https:\/\/obozy.tgls.pl\/rezerwacja\/wp-json\/wp\/v2\/product\/4283","targetHints":{"allow":["GET"]}}],"collection":[{"href":"https:\/\/obozy.tgls.pl\/rezerwacja\/wp-json\/wp\/v2\/product"}],"about":[{"href":"https:\/\/obozy.tgls.pl\/rezerwacja\/wp-json\/wp\/v2\/types\/product"}],"wp:featuredmedia":[{"embeddable":true,"href":"https:\/\/obozy.tgls.pl\/rezerwacja\/wp-json\/wp\/v2\/media\/4307"}],"wp:attachment":[{"href":"https:\/\/obozy.tgls.pl\/rezerwacja\/wp-json\/wp\/v2\/media?parent=4283"}],"wp:term":[{"taxonomy":"product_brand","embeddable":true,"href":"https:\/\/obozy.tgls.pl\/rezerwacja\/wp-json\/wp\/v2\/product_brand?post=4283"},{"taxonomy":"product_cat","embeddable":true,"href":"https:\/\/obozy.tgls.pl\/rezerwacja\/wp-json\/wp\/v2\/product_cat?post=4283"},{"taxonomy":"product_tag","embeddable":true,"href":"https:\/\/obozy.tgls.pl\/rezerwacja\/wp-json\/wp\/v2\/product_tag?post=4283"}],"curies":[{"name":"wp","href":"https:\/\/api.w.org\/{rel}","templated":true}]}}